{"id":7394,"date":"2023-02-14T14:13:19","date_gmt":"2023-02-14T13:13:19","guid":{"rendered":"https:\/\/bageljackson.be\/?post_type=product&#038;p=7394"},"modified":"2023-02-14T15:14:26","modified_gmt":"2023-02-14T14:14:26","slug":"hot-dog-le-ricain","status":"publish","type":"product","link":"https:\/\/bageljackson.be\/index.php\/produit\/hot-dog-le-ricain\/","title":{"rendered":"Hot dog le ricain \ud83c\uddfa\ud83c\uddf8"},"content":{"rendered":"<p>D\u00e9gustez le <b>classique am\u00e9ricain<\/b> revisit\u00e9 par BagelJackson avec notre <b>hot-dog savoureux<\/b> ! Fabriqu\u00e9 \u00e0 partir de <b>saucisses de qualit\u00e9 sup\u00e9rieure<\/b> et d&rsquo;un <strong>pain moelleux<\/strong>, notre <b>hot-dog<\/b> est la combinaison parfaite de textures et de saveurs. Ajoutez vos <b>garnitures<\/b> pr\u00e9f\u00e9r\u00e9es, pour une exp\u00e9rience de d\u00e9gustation encore plus d\u00e9licieuse. Que ce soit pour un d\u00e9jeuner rapide ou une soir\u00e9e d\u00e9tendue, notre <b>hot-dog<\/b> est le choix id\u00e9al pour satisfaire vos envies de <b>restauration rapide<\/b>.<\/p>\n","protected":false},"excerpt":{"rendered":"<p>Saucisse, cheddar fondu, cornichons, oignons frits et sauce au choix.<\/p>\n","protected":false},"featured_media":7298,"comment_status":"open","ping_status":"closed","template":"","meta":[],"product_brand":[],"product_cat":[46],"product_tag":[],"class_list":{"0":"post-7394","1":"product","2":"type-product","3":"status-publish","4":"has-post-thumbnail","6":"product_cat-hot-dogs","8":"first","9":"instock","10":"shipping-taxable","11":"purchasable","12":"product-type-simple"},"yoast_head":"<!-- This site is optimized with the Yoast SEO plugin v24.5 - https:\/\/yoast.com\/wordpress\/plugins\/seo\/ -->\n<title>Hot dog le ricain \ud83c\uddfa\ud83c\uddf8 &#8226; Bagel Jackson<\/title>\n<meta name=\"description\" content=\"D\u00e9gustez notre hot-dog savoureux, avec sa saucisse grill\u00e9e et son pain moelleux, garni de vos condiments pr\u00e9f\u00e9r\u00e9s. Commandez maintenant pour en profiter !\" \/>\n<meta name=\"robots\" content=\"index, follow, max-snippet:-1, max-image-preview:large, max-video-preview:-1\" \/>\n<link rel=\"canonical\" href=\"https:\/\/bageljackson.be\/index.php\/produit\/hot-dog-le-ricain\/\" \/>\n<meta property=\"og:locale\" content=\"fr_FR\" \/>\n<meta property=\"og:type\" content=\"article\" \/>\n<meta property=\"og:title\" content=\"Hot dog le ricain \ud83c\uddfa\ud83c\uddf8 &#8226; Bagel Jackson\" \/>\n<meta property=\"og:description\" content=\"D\u00e9gustez notre hot-dog savoureux, avec sa saucisse grill\u00e9e et son pain moelleux, garni de vos condiments pr\u00e9f\u00e9r\u00e9s. Commandez maintenant pour en profiter !\" \/>\n<meta property=\"og:url\" content=\"https:\/\/bageljackson.be\/index.php\/produit\/hot-dog-le-ricain\/\" \/>\n<meta property=\"og:site_name\" content=\"Bagel Jackson\" \/>\n<meta property=\"article:publisher\" content=\"https:\/\/www.facebook.com\/BagelJackson\/\" \/>\n<meta property=\"article:modified_time\" content=\"2023-02-14T14:14:26+00:00\" \/>\n<meta property=\"og:image\" content=\"https:\/\/bageljackson.be\/wp-content\/uploads\/2020\/08\/Bagel-Jackson-photoshoot-11.jpg\" \/>\n\t<meta property=\"og:image:width\" content=\"1367\" \/>\n\t<meta property=\"og:image:height\" content=\"2048\" \/>\n\t<meta property=\"og:image:type\" content=\"image\/jpeg\" \/>\n<meta name=\"twitter:card\" content=\"summary_large_image\" \/>\n<meta name=\"twitter:site\" content=\"@BagelJackson\" \/>\n<meta name=\"twitter:label1\" content=\"Dur\u00e9e de lecture estim\u00e9e\" \/>\n\t<meta name=\"twitter:data1\" content=\"1 minute\" \/>\n<script type=\"application\/ld+json\" class=\"yoast-schema-graph\">{\"@context\":\"https:\/\/schema.org\",\"@graph\":[{\"@type\":\"WebPage\",\"@id\":\"https:\/\/bageljackson.be\/index.php\/produit\/hot-dog-le-ricain\/\",\"url\":\"https:\/\/bageljackson.be\/index.php\/produit\/hot-dog-le-ricain\/\",\"name\":\"Hot dog le ricain \ud83c\uddfa\ud83c\uddf8 &#8226; Bagel Jackson\",\"isPartOf\":{\"@id\":\"https:\/\/bageljackson.be\/#website\"},\"primaryImageOfPage\":{\"@id\":\"https:\/\/bageljackson.be\/index.php\/produit\/hot-dog-le-ricain\/#primaryimage\"},\"image\":{\"@id\":\"https:\/\/bageljackson.be\/index.php\/produit\/hot-dog-le-ricain\/#primaryimage\"},\"thumbnailUrl\":\"https:\/\/bageljackson.be\/wp-content\/uploads\/2020\/08\/Bagel-Jackson-photoshoot-11.jpg\",\"datePublished\":\"2023-02-14T13:13:19+00:00\",\"dateModified\":\"2023-02-14T14:14:26+00:00\",\"description\":\"D\u00e9gustez notre hot-dog savoureux, avec sa saucisse grill\u00e9e et son pain moelleux, garni de vos condiments pr\u00e9f\u00e9r\u00e9s. Commandez maintenant pour en profiter !\",\"breadcrumb\":{\"@id\":\"https:\/\/bageljackson.be\/index.php\/produit\/hot-dog-le-ricain\/#breadcrumb\"},\"inLanguage\":\"fr-FR\",\"potentialAction\":[{\"@type\":\"ReadAction\",\"target\":[\"https:\/\/bageljackson.be\/index.php\/produit\/hot-dog-le-ricain\/\"]}]},{\"@type\":\"ImageObject\",\"inLanguage\":\"fr-FR\",\"@id\":\"https:\/\/bageljackson.be\/index.php\/produit\/hot-dog-le-ricain\/#primaryimage\",\"url\":\"https:\/\/bageljackson.be\/wp-content\/uploads\/2020\/08\/Bagel-Jackson-photoshoot-11.jpg\",\"contentUrl\":\"https:\/\/bageljackson.be\/wp-content\/uploads\/2020\/08\/Bagel-Jackson-photoshoot-11.jpg\",\"width\":1367,\"height\":2048},{\"@type\":\"BreadcrumbList\",\"@id\":\"https:\/\/bageljackson.be\/index.php\/produit\/hot-dog-le-ricain\/#breadcrumb\",\"itemListElement\":[{\"@type\":\"ListItem\",\"position\":1,\"name\":\"Accueil\",\"item\":\"https:\/\/bageljackson.be\/\"},{\"@type\":\"ListItem\",\"position\":2,\"name\":\"BagelJackson\",\"item\":\"https:\/\/bageljackson.be\/?page_id=7111\"},{\"@type\":\"ListItem\",\"position\":3,\"name\":\"Hot dog le ricain \ud83c\uddfa\ud83c\uddf8\"}]},{\"@type\":\"WebSite\",\"@id\":\"https:\/\/bageljackson.be\/#website\",\"url\":\"https:\/\/bageljackson.be\/\",\"name\":\"Bagel Jackson\",\"description\":\"Des bagels de folie, des hot-dogs croustillants, des nachos cheesy bien fondants\",\"publisher\":{\"@id\":\"https:\/\/bageljackson.be\/#organization\"},\"potentialAction\":[{\"@type\":\"SearchAction\",\"target\":{\"@type\":\"EntryPoint\",\"urlTemplate\":\"https:\/\/bageljackson.be\/?s={search_term_string}\"},\"query-input\":{\"@type\":\"PropertyValueSpecification\",\"valueRequired\":true,\"valueName\":\"search_term_string\"}}],\"inLanguage\":\"fr-FR\"},{\"@type\":\"Organization\",\"@id\":\"https:\/\/bageljackson.be\/#organization\",\"name\":\"Bagel Jackson\",\"url\":\"https:\/\/bageljackson.be\/\",\"logo\":{\"@type\":\"ImageObject\",\"inLanguage\":\"fr-FR\",\"@id\":\"https:\/\/bageljackson.be\/#\/schema\/logo\/image\/\",\"url\":\"https:\/\/bageljackson.be\/wp-content\/uploads\/2019\/11\/Bagel-Jackson-Logo-V2.png\",\"contentUrl\":\"https:\/\/bageljackson.be\/wp-content\/uploads\/2019\/11\/Bagel-Jackson-Logo-V2.png\",\"width\":1788,\"height\":1788,\"caption\":\"Bagel Jackson\"},\"image\":{\"@id\":\"https:\/\/bageljackson.be\/#\/schema\/logo\/image\/\"},\"sameAs\":[\"https:\/\/www.facebook.com\/BagelJackson\/\",\"https:\/\/x.com\/BagelJackson\",\"https:\/\/www.instagram.com\/bageljackson\/\"]}]}<\/script>\n<!-- \/ Yoast SEO plugin. -->","yoast_head_json":{"title":"Hot dog le ricain \ud83c\uddfa\ud83c\uddf8 &#8226; Bagel Jackson","description":"D\u00e9gustez notre hot-dog savoureux, avec sa saucisse grill\u00e9e et son pain moelleux, garni de vos condiments pr\u00e9f\u00e9r\u00e9s. Commandez maintenant pour en profiter !","robots":{"index":"index","follow":"follow","max-snippet":"max-snippet:-1","max-image-preview":"max-image-preview:large","max-video-preview":"max-video-preview:-1"},"canonical":"https:\/\/bageljackson.be\/index.php\/produit\/hot-dog-le-ricain\/","og_locale":"fr_FR","og_type":"article","og_title":"Hot dog le ricain \ud83c\uddfa\ud83c\uddf8 &#8226; Bagel Jackson","og_description":"D\u00e9gustez notre hot-dog savoureux, avec sa saucisse grill\u00e9e et son pain moelleux, garni de vos condiments pr\u00e9f\u00e9r\u00e9s. Commandez maintenant pour en profiter !","og_url":"https:\/\/bageljackson.be\/index.php\/produit\/hot-dog-le-ricain\/","og_site_name":"Bagel Jackson","article_publisher":"https:\/\/www.facebook.com\/BagelJackson\/","article_modified_time":"2023-02-14T14:14:26+00:00","og_image":[{"width":1367,"height":2048,"url":"https:\/\/bageljackson.be\/wp-content\/uploads\/2020\/08\/Bagel-Jackson-photoshoot-11.jpg","type":"image\/jpeg"}],"twitter_card":"summary_large_image","twitter_site":"@BagelJackson","twitter_misc":{"Dur\u00e9e de lecture estim\u00e9e":"1 minute"},"schema":{"@context":"https:\/\/schema.org","@graph":[{"@type":"WebPage","@id":"https:\/\/bageljackson.be\/index.php\/produit\/hot-dog-le-ricain\/","url":"https:\/\/bageljackson.be\/index.php\/produit\/hot-dog-le-ricain\/","name":"Hot dog le ricain \ud83c\uddfa\ud83c\uddf8 &#8226; Bagel Jackson","isPartOf":{"@id":"https:\/\/bageljackson.be\/#website"},"primaryImageOfPage":{"@id":"https:\/\/bageljackson.be\/index.php\/produit\/hot-dog-le-ricain\/#primaryimage"},"image":{"@id":"https:\/\/bageljackson.be\/index.php\/produit\/hot-dog-le-ricain\/#primaryimage"},"thumbnailUrl":"https:\/\/bageljackson.be\/wp-content\/uploads\/2020\/08\/Bagel-Jackson-photoshoot-11.jpg","datePublished":"2023-02-14T13:13:19+00:00","dateModified":"2023-02-14T14:14:26+00:00","description":"D\u00e9gustez notre hot-dog savoureux, avec sa saucisse grill\u00e9e et son pain moelleux, garni de vos condiments pr\u00e9f\u00e9r\u00e9s. Commandez maintenant pour en profiter !","breadcrumb":{"@id":"https:\/\/bageljackson.be\/index.php\/produit\/hot-dog-le-ricain\/#breadcrumb"},"inLanguage":"fr-FR","potentialAction":[{"@type":"ReadAction","target":["https:\/\/bageljackson.be\/index.php\/produit\/hot-dog-le-ricain\/"]}]},{"@type":"ImageObject","inLanguage":"fr-FR","@id":"https:\/\/bageljackson.be\/index.php\/produit\/hot-dog-le-ricain\/#primaryimage","url":"https:\/\/bageljackson.be\/wp-content\/uploads\/2020\/08\/Bagel-Jackson-photoshoot-11.jpg","contentUrl":"https:\/\/bageljackson.be\/wp-content\/uploads\/2020\/08\/Bagel-Jackson-photoshoot-11.jpg","width":1367,"height":2048},{"@type":"BreadcrumbList","@id":"https:\/\/bageljackson.be\/index.php\/produit\/hot-dog-le-ricain\/#breadcrumb","itemListElement":[{"@type":"ListItem","position":1,"name":"Accueil","item":"https:\/\/bageljackson.be\/"},{"@type":"ListItem","position":2,"name":"BagelJackson","item":"https:\/\/bageljackson.be\/?page_id=7111"},{"@type":"ListItem","position":3,"name":"Hot dog le ricain \ud83c\uddfa\ud83c\uddf8"}]},{"@type":"WebSite","@id":"https:\/\/bageljackson.be\/#website","url":"https:\/\/bageljackson.be\/","name":"Bagel Jackson","description":"Des bagels de folie, des hot-dogs croustillants, des nachos cheesy bien fondants","publisher":{"@id":"https:\/\/bageljackson.be\/#organization"},"potentialAction":[{"@type":"SearchAction","target":{"@type":"EntryPoint","urlTemplate":"https:\/\/bageljackson.be\/?s={search_term_string}"},"query-input":{"@type":"PropertyValueSpecification","valueRequired":true,"valueName":"search_term_string"}}],"inLanguage":"fr-FR"},{"@type":"Organization","@id":"https:\/\/bageljackson.be\/#organization","name":"Bagel Jackson","url":"https:\/\/bageljackson.be\/","logo":{"@type":"ImageObject","inLanguage":"fr-FR","@id":"https:\/\/bageljackson.be\/#\/schema\/logo\/image\/","url":"https:\/\/bageljackson.be\/wp-content\/uploads\/2019\/11\/Bagel-Jackson-Logo-V2.png","contentUrl":"https:\/\/bageljackson.be\/wp-content\/uploads\/2019\/11\/Bagel-Jackson-Logo-V2.png","width":1788,"height":1788,"caption":"Bagel Jackson"},"image":{"@id":"https:\/\/bageljackson.be\/#\/schema\/logo\/image\/"},"sameAs":["https:\/\/www.facebook.com\/BagelJackson\/","https:\/\/x.com\/BagelJackson","https:\/\/www.instagram.com\/bageljackson\/"]}]}},"_links":{"self":[{"href":"https:\/\/bageljackson.be\/index.php\/wp-json\/wp\/v2\/product\/7394","targetHints":{"allow":["GET"]}}],"collection":[{"href":"https:\/\/bageljackson.be\/index.php\/wp-json\/wp\/v2\/product"}],"about":[{"href":"https:\/\/bageljackson.be\/index.php\/wp-json\/wp\/v2\/types\/product"}],"replies":[{"embeddable":true,"href":"https:\/\/bageljackson.be\/index.php\/wp-json\/wp\/v2\/comments?post=7394"}],"wp:featuredmedia":[{"embeddable":true,"href":"https:\/\/bageljackson.be\/index.php\/wp-json\/wp\/v2\/media\/7298"}],"wp:attachment":[{"href":"https:\/\/bageljackson.be\/index.php\/wp-json\/wp\/v2\/media?parent=7394"}],"wp:term":[{"taxonomy":"product_brand","embeddable":true,"href":"https:\/\/bageljackson.be\/index.php\/wp-json\/wp\/v2\/product_brand?post=7394"},{"taxonomy":"product_cat","embeddable":true,"href":"https:\/\/bageljackson.be\/index.php\/wp-json\/wp\/v2\/product_cat?post=7394"},{"taxonomy":"product_tag","embeddable":true,"href":"https:\/\/bageljackson.be\/index.php\/wp-json\/wp\/v2\/product_tag?post=7394"}],"curies":[{"name":"wp","href":"https:\/\/api.w.org\/{rel}","templated":true}]}}